{"id":8,"date":"2023-11-23T19:19:34","date_gmt":"2023-11-23T19:19:34","guid":{"rendered":"https:\/\/pierella.com\/?page_id=8"},"modified":"2026-02-01T19:08:43","modified_gmt":"2026-02-02T01:08:43","slug":"inicio","status":"publish","type":"page","link":"https:\/\/pierella.com\/","title":{"rendered":"Nosotros"},"content":{"rendered":"<p>&nbsp;<\/p>\n<p style=\"text-align: left;\"><strong>Pierella Garden <\/strong>es una granja de mariposas que, desde hace 30 a\u00f1os, exporta cris\u00e1lidas a mariposarios, museos, zool\u00f3gicos y universidades. Trabajando en conjunto con SECSA, se env\u00edan a m\u00e1s de 20 pa\u00edses en Norteam\u00e9rica y Europa. William Camacho comenz\u00f3 en el a\u00f1o 1995 a reproducir especies de mariposas en una propiedad de\u00a0400 m\u00b2, la cual hab\u00eda sido deforestada previamente. Muchas de las plantas hospederas de mariposas que se plantaron produjeron frutos, semillas y flores que atrajeron una gran diversidad de animales que encontraron refugio en nuestro jard\u00edn. Fueron ellos mismos los que aportaron semillas de otros bosques. Con el dinero de las exportaciones de mariposas y donaciones, se anexaron otras propiedades. Hoy d\u00eda, Pierella Garden cuenta con 4 hect\u00e1reas de bosque y la meta es continuar expandiendo y reforestando para proveer refugio a la flora y fauna local.<\/p>\n<p><img fetchpriority=\"high\" decoding=\"async\" class=\"wp-image-75 size-medium alignleft\" src=\"https:\/\/pierella.com\/wp-content\/uploads\/2023\/11\/Pierella-Garden-Horquetas-Sarapiqui-30-300x169.jpg\" alt=\"\" width=\"300\" height=\"169\" srcset=\"https:\/\/pierella.com\/wp-content\/uploads\/2023\/11\/Pierella-Garden-Horquetas-Sarapiqui-30-300x169.jpg 300w, https:\/\/pierella.com\/wp-content\/uploads\/2023\/11\/Pierella-Garden-Horquetas-Sarapiqui-30-1024x576.jpg 1024w, https:\/\/pierella.com\/wp-content\/uploads\/2023\/11\/Pierella-Garden-Horquetas-Sarapiqui-30-768x432.jpg 768w, https:\/\/pierella.com\/wp-content\/uploads\/2023\/11\/Pierella-Garden-Horquetas-Sarapiqui-30.jpg 1187w\" sizes=\"(max-width: 300px) 100vw, 300px\" \/><\/p>\n","protected":false},"excerpt":{"rendered":"<p>&nbsp; Pierella Garden es una granja de mariposas que, desde hace 30 a\u00f1os, exporta cris\u00e1lidas a mariposarios, museos, zool\u00f3gicos y universidades. Trabajando en conjunto con SECSA, se env\u00edan a m\u00e1s de 20 pa\u00edses en Norteam\u00e9rica y Europa. William Camacho comenz\u00f3 en el a\u00f1o 1995 a reproducir especies de mariposas en una propiedad de\u00a0400 m\u00b2, la [&hellip;]<\/p>\n","protected":false},"author":1,"featured_media":0,"parent":0,"menu_order":1,"comment_status":"closed","ping_status":"closed","template":"templates\/template-homepage.php","meta":{"_joinchat":[],"footnotes":""},"class_list":["post-8","page","type-page","status-publish","hentry"],"_links":{"self":[{"href":"https:\/\/pierella.com\/index.php\/wp-json\/wp\/v2\/pages\/8","targetHints":{"allow":["GET"]}}],"collection":[{"href":"https:\/\/pierella.com\/index.php\/wp-json\/wp\/v2\/pages"}],"about":[{"href":"https:\/\/pierella.com\/index.php\/wp-json\/wp\/v2\/types\/page"}],"author":[{"embeddable":true,"href":"https:\/\/pierella.com\/index.php\/wp-json\/wp\/v2\/users\/1"}],"replies":[{"embeddable":true,"href":"https:\/\/pierella.com\/index.php\/wp-json\/wp\/v2\/comments?post=8"}],"version-history":[{"count":24,"href":"https:\/\/pierella.com\/index.php\/wp-json\/wp\/v2\/pages\/8\/revisions"}],"predecessor-version":[{"id":1138,"href":"https:\/\/pierella.com\/index.php\/wp-json\/wp\/v2\/pages\/8\/revisions\/1138"}],"wp:attachment":[{"href":"https:\/\/pierella.com\/index.php\/wp-json\/wp\/v2\/media?parent=8"}],"curies":[{"name":"wp","href":"https:\/\/api.w.org\/{rel}","templated":true}]}}