{"id":160,"date":"2024-12-09T16:42:40","date_gmt":"2024-12-09T22:42:40","guid":{"rendered":"https:\/\/pierella.com\/?page_id=160"},"modified":"2026-01-31T20:12:12","modified_gmt":"2026-02-01T02:12:12","slug":"king-vulture-tour","status":"publish","type":"page","link":"https:\/\/pierella.com\/index.php\/inicio\/tours__trashed\/king-vulture-tour\/","title":{"rendered":"Tour del zopilote rey"},"content":{"rendered":"<p>A media hora en coche del Jard\u00edn Pierella, contamos con otro lugar al que con gusto te llevaremos. El recorrido se realiza por una ruta rural para veh\u00edculos 4&#215;4. Este camino r\u00fastico est\u00e1 rodeado de vegetaci\u00f3n, por lo tanto, durante el trayecto se pueden observar diversas especies de la fauna nativa de la regi\u00f3n. Este lugar se encuentra en las monta\u00f1as de Horquetas de Sarapiqu\u00ed, lo cual provee el h\u00e1bitat perfecto para el zopilote rey (Sarcoramphus papa). Esta ave pertenece a la familia de los buitres del Nuevo Mundo y puede tener una envergadura de 170 a 200 cent\u00edmetros. Impresiona no solo por su rareza, sino tambi\u00e9n por su gran tama\u00f1o y sus incre\u00edbles colores.<\/p>\n<div id='gallery-1' class='gallery galleryid-160 gallery-columns-4 gallery-size-thumbnail'><figure class='gallery-item'>\n\t\t\t<div class='gallery-icon landscape'>\n\t\t\t\t<a href='https:\/\/pierella.com\/wp-content\/uploads\/2025\/02\/IMG_0998.jpeg'><img decoding=\"async\" width=\"150\" height=\"150\" src=\"https:\/\/pierella.com\/wp-content\/uploads\/2025\/02\/IMG_0998-150x150.jpeg\" class=\"attachment-thumbnail size-thumbnail\" alt=\"\" srcset=\"https:\/\/pierella.com\/wp-content\/uploads\/2025\/02\/IMG_0998-150x150.jpeg 150w, https:\/\/pierella.com\/wp-content\/uploads\/2025\/02\/IMG_0998-300x300.jpeg 300w, https:\/\/pierella.com\/wp-content\/uploads\/2025\/02\/IMG_0998-768x768.jpeg 768w, https:\/\/pierella.com\/wp-content\/uploads\/2025\/02\/IMG_0998.jpeg 1000w\" sizes=\"(max-width: 150px) 100vw, 150px\" \/><\/a>\n\t\t\t<\/div><\/figure><figure class='gallery-item'>\n\t\t\t<div class='gallery-icon landscape'>\n\t\t\t\t<a href='https:\/\/pierella.com\/wp-content\/uploads\/2025\/02\/IMG_0999.jpeg'><img decoding=\"async\" width=\"150\" height=\"150\" src=\"https:\/\/pierella.com\/wp-content\/uploads\/2025\/02\/IMG_0999-150x150.jpeg\" class=\"attachment-thumbnail size-thumbnail\" alt=\"\" srcset=\"https:\/\/pierella.com\/wp-content\/uploads\/2025\/02\/IMG_0999-150x150.jpeg 150w, https:\/\/pierella.com\/wp-content\/uploads\/2025\/02\/IMG_0999-300x300.jpeg 300w, https:\/\/pierella.com\/wp-content\/uploads\/2025\/02\/IMG_0999-768x768.jpeg 768w, https:\/\/pierella.com\/wp-content\/uploads\/2025\/02\/IMG_0999.jpeg 1000w\" sizes=\"(max-width: 150px) 100vw, 150px\" \/><\/a>\n\t\t\t<\/div><\/figure><figure class='gallery-item'>\n\t\t\t<div class='gallery-icon landscape'>\n\t\t\t\t<a href='https:\/\/pierella.com\/wp-content\/uploads\/2025\/02\/IMG_0997.jpeg'><img decoding=\"async\" width=\"150\" height=\"150\" src=\"https:\/\/pierella.com\/wp-content\/uploads\/2025\/02\/IMG_0997-150x150.jpeg\" class=\"attachment-thumbnail size-thumbnail\" alt=\"\" srcset=\"https:\/\/pierella.com\/wp-content\/uploads\/2025\/02\/IMG_0997-150x150.jpeg 150w, https:\/\/pierella.com\/wp-content\/uploads\/2025\/02\/IMG_0997-300x300.jpeg 300w, https:\/\/pierella.com\/wp-content\/uploads\/2025\/02\/IMG_0997-768x768.jpeg 768w, https:\/\/pierella.com\/wp-content\/uploads\/2025\/02\/IMG_0997.jpeg 1000w\" sizes=\"(max-width: 150px) 100vw, 150px\" \/><\/a>\n\t\t\t<\/div><\/figure><figure class='gallery-item'>\n\t\t\t<div class='gallery-icon landscape'>\n\t\t\t\t<a href='https:\/\/pierella.com\/wp-content\/uploads\/2025\/02\/IMG_0996.jpeg'><img loading=\"lazy\" decoding=\"async\" width=\"150\" height=\"150\" src=\"https:\/\/pierella.com\/wp-content\/uploads\/2025\/02\/IMG_0996-150x150.jpeg\" class=\"attachment-thumbnail size-thumbnail\" alt=\"\" srcset=\"https:\/\/pierella.com\/wp-content\/uploads\/2025\/02\/IMG_0996-150x150.jpeg 150w, https:\/\/pierella.com\/wp-content\/uploads\/2025\/02\/IMG_0996-300x300.jpeg 300w, https:\/\/pierella.com\/wp-content\/uploads\/2025\/02\/IMG_0996-768x768.jpeg 768w, https:\/\/pierella.com\/wp-content\/uploads\/2025\/02\/IMG_0996.jpeg 1000w\" sizes=\"(max-width: 150px) 100vw, 150px\" \/><\/a>\n\t\t\t<\/div><\/figure>\n\t\t<\/div>\n\n","protected":false},"excerpt":{"rendered":"<p>A media hora en coche del Jard\u00edn Pierella, contamos con otro lugar al que con gusto te llevaremos. El recorrido se realiza por una ruta rural para veh\u00edculos 4&#215;4. Este camino r\u00fastico est\u00e1 rodeado de vegetaci\u00f3n, por lo tanto, durante el trayecto se pueden observar diversas especies de la fauna nativa de la regi\u00f3n. Este [&hellip;]<\/p>\n","protected":false},"author":2,"featured_media":267,"parent":13,"menu_order":0,"comment_status":"closed","ping_status":"closed","template":"","meta":{"_joinchat":[],"footnotes":""},"class_list":["post-160","page","type-page","status-publish","has-post-thumbnail","hentry"],"_links":{"self":[{"href":"https:\/\/pierella.com\/index.php\/wp-json\/wp\/v2\/pages\/160","targetHints":{"allow":["GET"]}}],"collection":[{"href":"https:\/\/pierella.com\/index.php\/wp-json\/wp\/v2\/pages"}],"about":[{"href":"https:\/\/pierella.com\/index.php\/wp-json\/wp\/v2\/types\/page"}],"author":[{"embeddable":true,"href":"https:\/\/pierella.com\/index.php\/wp-json\/wp\/v2\/users\/2"}],"replies":[{"embeddable":true,"href":"https:\/\/pierella.com\/index.php\/wp-json\/wp\/v2\/comments?post=160"}],"version-history":[{"count":4,"href":"https:\/\/pierella.com\/index.php\/wp-json\/wp\/v2\/pages\/160\/revisions"}],"predecessor-version":[{"id":1134,"href":"https:\/\/pierella.com\/index.php\/wp-json\/wp\/v2\/pages\/160\/revisions\/1134"}],"up":[{"embeddable":true,"href":"https:\/\/pierella.com\/index.php\/wp-json\/wp\/v2\/pages\/13"}],"wp:featuredmedia":[{"embeddable":true,"href":"https:\/\/pierella.com\/index.php\/wp-json\/wp\/v2\/media\/267"}],"wp:attachment":[{"href":"https:\/\/pierella.com\/index.php\/wp-json\/wp\/v2\/media?parent=160"}],"curies":[{"name":"wp","href":"https:\/\/api.w.org\/{rel}","templated":true}]}}