{"id":1348,"date":"2026-05-02T20:24:12","date_gmt":"2026-05-03T02:24:12","guid":{"rendered":"https:\/\/pierella.com\/?page_id=1348"},"modified":"2026-05-05T15:27:19","modified_gmt":"2026-05-05T21:27:19","slug":"alimentacion","status":"publish","type":"page","link":"https:\/\/pierella.com\/index.php\/inicio\/alimentacion\/","title":{"rendered":"Alimentaci\u00f3n"},"content":{"rendered":"\n<p class=\"has-text-align-center has-background has-large-font-size\" style=\"background-color:#33525c\">ALIMENTACI\u00d3N<\/p>\n\n\n\n<p class=\"has-text-align-center has-background\" style=\"background-color:#33525c\">En nuestro oasis preparamos nuestros alimentos de la misma forma que lo hac\u00edan nuestros antepasados con el tradicional fog\u00f3n de le\u00f1a de esta manera mantenemos vivo el sabor \u00fanico de la cocina costarricense. La comida se sirve estilo bufe familiar de esta forma cada persona puede tomar lo que desea degustar en la meza. El casado costarricense es una de las m\u00e1s representativas comidas de la gastronom\u00eda de este bello pa\u00eds que tradicionalmente consiste en;<\/p>\n\n\n\n<hr class=\"wp-block-separator has-alpha-channel-opacity is-style-default\"\/>\n\n\n\n<ul style=\"background-color:#33525c\" class=\"wp-block-list has-background\">\n<li>Arroz<\/li>\n\n\n\n<li>Frijoles<\/li>\n\n\n\n<li>Pl\u00e1tano maduro frito<\/li>\n\n\n\n<li>Ensalada.<\/li>\n\n\n\n<li>Picadillo de (papas, chayote, zanahorias, etc.)<\/li>\n\n\n\n<li>Vegetales al vapor.<\/li>\n\n\n\n<li>Prote\u00edna animal: pescado, pollo, cerdo, res.<\/li>\n<\/ul>\n\n\n\n<hr class=\"wp-block-separator has-alpha-channel-opacity\"\/>\n\n\n\n<p class=\"has-background\" style=\"background-color:#33525c\">Acompa\u00f1amos nuestros alimentos con bebidas echas con frutas como;<\/p>\n\n\n\n<hr class=\"wp-block-separator has-alpha-channel-opacity\"\/>\n\n\n\n<ul style=\"background-color:#33525c\" class=\"wp-block-list has-background\">\n<li>Maracuy\u00e1<\/li>\n\n\n\n<li>Sandia<\/li>\n\n\n\n<li>Tamarindo<\/li>\n\n\n\n<li>Limon<\/li>\n\n\n\n<li>Agua<\/li>\n\n\n\n<li>Caf\u00e9 o t\u00e9<\/li>\n<\/ul>\n\n\n\n<hr class=\"wp-block-separator has-alpha-channel-opacity\"\/>\n\n\n\n<p class=\"has-background\" style=\"background-color:#33525c\">este es el almuerzo que ofrecemos para los interesados en realizar el tour regula con alimentaci\u00f3n incluido y tambi\u00e9n para el combo de d\u00eda completo en nuestro jard\u00edn. Este es un servicio que no se ofrece por separado, tienes que agendar un tour y &nbsp;&nbsp;as\u00ed lo complementas con el alimento.<\/p>\n\n\n\n<hr class=\"wp-block-separator has-alpha-channel-opacity\"\/>\n\n\n\n<figure class=\"wp-block-gallery has-nested-images columns-default is-cropped has-background wp-block-gallery-1 is-layout-flex wp-block-gallery-is-layout-flex\" style=\"background-color:#33525c\">\n<figure class=\"wp-block-image size-large\"><img fetchpriority=\"high\" decoding=\"async\" width=\"768\" height=\"1024\" data-id=\"1076\" src=\"https:\/\/pierella.com\/wp-content\/uploads\/2025\/12\/jardin-ecologico-pierrela-mariposario-en-costa-rica-50-768x1024.jpg\" alt=\"\" class=\"wp-image-1076\" srcset=\"https:\/\/pierella.com\/wp-content\/uploads\/2025\/12\/jardin-ecologico-pierrela-mariposario-en-costa-rica-50-768x1024.jpg 768w, https:\/\/pierella.com\/wp-content\/uploads\/2025\/12\/jardin-ecologico-pierrela-mariposario-en-costa-rica-50-225x300.jpg 225w, https:\/\/pierella.com\/wp-content\/uploads\/2025\/12\/jardin-ecologico-pierrela-mariposario-en-costa-rica-50-300x400.jpg 300w, https:\/\/pierella.com\/wp-content\/uploads\/2025\/12\/jardin-ecologico-pierrela-mariposario-en-costa-rica-50.jpg 810w\" sizes=\"(max-width: 768px) 100vw, 768px\" \/><\/figure>\n\n\n\n<figure class=\"wp-block-image size-large\"><img decoding=\"async\" width=\"768\" height=\"1024\" data-id=\"1060\" src=\"https:\/\/pierella.com\/wp-content\/uploads\/2025\/12\/jardin-ecologico-pierrela-mariposario-en-costa-rica-71-768x1024.jpg\" alt=\"\" class=\"wp-image-1060\" srcset=\"https:\/\/pierella.com\/wp-content\/uploads\/2025\/12\/jardin-ecologico-pierrela-mariposario-en-costa-rica-71-768x1024.jpg 768w, https:\/\/pierella.com\/wp-content\/uploads\/2025\/12\/jardin-ecologico-pierrela-mariposario-en-costa-rica-71-225x300.jpg 225w, https:\/\/pierella.com\/wp-content\/uploads\/2025\/12\/jardin-ecologico-pierrela-mariposario-en-costa-rica-71-300x400.jpg 300w, https:\/\/pierella.com\/wp-content\/uploads\/2025\/12\/jardin-ecologico-pierrela-mariposario-en-costa-rica-71.jpg 810w\" sizes=\"(max-width: 768px) 100vw, 768px\" \/><\/figure>\n\n\n\n<figure class=\"wp-block-image size-large\"><img decoding=\"async\" width=\"1024\" height=\"576\" data-id=\"61\" src=\"https:\/\/pierella.com\/wp-content\/uploads\/2023\/11\/Pierella-Garden-Horquetas-Sarapiqui-16-1024x576.jpg\" alt=\"\" class=\"wp-image-61\" srcset=\"https:\/\/pierella.com\/wp-content\/uploads\/2023\/11\/Pierella-Garden-Horquetas-Sarapiqui-16-1024x576.jpg 1024w, https:\/\/pierella.com\/wp-content\/uploads\/2023\/11\/Pierella-Garden-Horquetas-Sarapiqui-16-300x169.jpg 300w, https:\/\/pierella.com\/wp-content\/uploads\/2023\/11\/Pierella-Garden-Horquetas-Sarapiqui-16-768x432.jpg 768w, https:\/\/pierella.com\/wp-content\/uploads\/2023\/11\/Pierella-Garden-Horquetas-Sarapiqui-16.jpg 1187w\" sizes=\"(max-width: 1024px) 100vw, 1024px\" \/><\/figure>\n\n\n\n<figure class=\"wp-block-image size-large\"><img loading=\"lazy\" decoding=\"async\" width=\"1024\" height=\"576\" data-id=\"60\" src=\"https:\/\/pierella.com\/wp-content\/uploads\/2023\/11\/Pierella-Garden-Horquetas-Sarapiqui-15-1024x576.jpg\" alt=\"\" class=\"wp-image-60\" srcset=\"https:\/\/pierella.com\/wp-content\/uploads\/2023\/11\/Pierella-Garden-Horquetas-Sarapiqui-15-1024x576.jpg 1024w, https:\/\/pierella.com\/wp-content\/uploads\/2023\/11\/Pierella-Garden-Horquetas-Sarapiqui-15-300x169.jpg 300w, https:\/\/pierella.com\/wp-content\/uploads\/2023\/11\/Pierella-Garden-Horquetas-Sarapiqui-15-768x432.jpg 768w, https:\/\/pierella.com\/wp-content\/uploads\/2023\/11\/Pierella-Garden-Horquetas-Sarapiqui-15.jpg 1187w\" sizes=\"(max-width: 1024px) 100vw, 1024px\" \/><\/figure>\n\n\n\n<figure class=\"wp-block-image size-large\"><img loading=\"lazy\" decoding=\"async\" width=\"1024\" height=\"576\" data-id=\"68\" src=\"https:\/\/pierella.com\/wp-content\/uploads\/2023\/11\/Pierella-Garden-Horquetas-Sarapiqui-23-1024x576.jpg\" alt=\"\" class=\"wp-image-68\" srcset=\"https:\/\/pierella.com\/wp-content\/uploads\/2023\/11\/Pierella-Garden-Horquetas-Sarapiqui-23-1024x576.jpg 1024w, https:\/\/pierella.com\/wp-content\/uploads\/2023\/11\/Pierella-Garden-Horquetas-Sarapiqui-23-300x169.jpg 300w, https:\/\/pierella.com\/wp-content\/uploads\/2023\/11\/Pierella-Garden-Horquetas-Sarapiqui-23-768x432.jpg 768w, https:\/\/pierella.com\/wp-content\/uploads\/2023\/11\/Pierella-Garden-Horquetas-Sarapiqui-23.jpg 1187w\" sizes=\"(max-width: 1024px) 100vw, 1024px\" \/><\/figure>\n\n\n\n<figure class=\"wp-block-image size-large\"><img loading=\"lazy\" decoding=\"async\" width=\"1024\" height=\"576\" data-id=\"69\" src=\"https:\/\/pierella.com\/wp-content\/uploads\/2023\/11\/Pierella-Garden-Horquetas-Sarapiqui-24-1024x576.jpg\" alt=\"\" class=\"wp-image-69\" srcset=\"https:\/\/pierella.com\/wp-content\/uploads\/2023\/11\/Pierella-Garden-Horquetas-Sarapiqui-24-1024x576.jpg 1024w, https:\/\/pierella.com\/wp-content\/uploads\/2023\/11\/Pierella-Garden-Horquetas-Sarapiqui-24-300x169.jpg 300w, https:\/\/pierella.com\/wp-content\/uploads\/2023\/11\/Pierella-Garden-Horquetas-Sarapiqui-24-768x432.jpg 768w, https:\/\/pierella.com\/wp-content\/uploads\/2023\/11\/Pierella-Garden-Horquetas-Sarapiqui-24.jpg 1187w\" sizes=\"(max-width: 1024px) 100vw, 1024px\" \/><\/figure>\n<\/figure>\n\n\n\n<p><\/p>\n","protected":false},"excerpt":{"rendered":"<p>ALIMENTACI\u00d3N En nuestro oasis preparamos nuestros alimentos de la misma forma que lo hac\u00edan nuestros antepasados con el tradicional fog\u00f3n de le\u00f1a de esta manera mantenemos vivo el sabor \u00fanico de la cocina costarricense. La comida se sirve estilo bufe familiar de esta forma cada persona puede tomar lo que desea degustar en la meza. [&hellip;]<\/p>\n","protected":false},"author":2,"featured_media":0,"parent":8,"menu_order":7,"comment_status":"closed","ping_status":"closed","template":"","meta":{"_joinchat":[],"footnotes":""},"class_list":["post-1348","page","type-page","status-publish","hentry"],"_links":{"self":[{"href":"https:\/\/pierella.com\/index.php\/wp-json\/wp\/v2\/pages\/1348","targetHints":{"allow":["GET"]}}],"collection":[{"href":"https:\/\/pierella.com\/index.php\/wp-json\/wp\/v2\/pages"}],"about":[{"href":"https:\/\/pierella.com\/index.php\/wp-json\/wp\/v2\/types\/page"}],"author":[{"embeddable":true,"href":"https:\/\/pierella.com\/index.php\/wp-json\/wp\/v2\/users\/2"}],"replies":[{"embeddable":true,"href":"https:\/\/pierella.com\/index.php\/wp-json\/wp\/v2\/comments?post=1348"}],"version-history":[{"count":8,"href":"https:\/\/pierella.com\/index.php\/wp-json\/wp\/v2\/pages\/1348\/revisions"}],"predecessor-version":[{"id":1364,"href":"https:\/\/pierella.com\/index.php\/wp-json\/wp\/v2\/pages\/1348\/revisions\/1364"}],"up":[{"embeddable":true,"href":"https:\/\/pierella.com\/index.php\/wp-json\/wp\/v2\/pages\/8"}],"wp:attachment":[{"href":"https:\/\/pierella.com\/index.php\/wp-json\/wp\/v2\/media?parent=1348"}],"curies":[{"name":"wp","href":"https:\/\/api.w.org\/{rel}","templated":true}]}}