{"id":133,"date":"2024-12-09T15:02:29","date_gmt":"2024-12-09T21:02:29","guid":{"rendered":"https:\/\/pierella.com\/?page_id=133"},"modified":"2026-02-21T16:58:57","modified_gmt":"2026-02-21T22:58:57","slug":"habitaciones","status":"publish","type":"page","link":"https:\/\/pierella.com\/index.php\/habitaciones\/","title":{"rendered":"Habitaciones"},"content":{"rendered":"<p>\u00a1Tu dosis de naturaleza te espera! \ud83c\udf43 Sum\u00e9rgete en el verdor infinito de nuestro bosque tropical. Despierta con el canto de las aves, respira aire puro y d\u00e9jate envolver por la magia de la selva desde la comodidad de tu caba\u00f1a. \u00a1La desconexi\u00f3n total es posible! \u2728<\/p>\n<p>Contamos con diferentes tipos de habitaci\u00f3n con:\u00a0 A\/C , Ventilador, Cama Matrimonial, Individual y familiares.<\/p>\n<p>El alojamiento tiene un costo por persona por noche de USD$150 adultos\/ni\u00f1osUSD$80<\/p>\n<p>Incluye: tour diurno, caminata nocturna, chocolate, gu\u00eda y la habitaci\u00f3n.<\/p>\n<p><iframe title=\"Jard\u00edn Ecol\u00f3gico Pierrella, Horquetas de Sarapiqu\u00ed. Heredia. Costa Rica\" width=\"563\" height=\"1000\" src=\"https:\/\/www.youtube.com\/embed\/ClYCElmD5MU?feature=oembed\" frameborder=\"0\" allow=\"accelerometer; autoplay; clipboard-write; encrypted-media; gyroscope; picture-in-picture; web-share\" referrerpolicy=\"strict-origin-when-cross-origin\" allowfullscreen><\/iframe><\/p>\n<div id='gallery-1' class='gallery galleryid-133 gallery-columns-4 gallery-size-thumbnail'><figure class='gallery-item'>\n\t\t\t<div class='gallery-icon portrait'>\n\t\t\t\t<a href='https:\/\/pierella.com\/wp-content\/uploads\/2025\/12\/jardin-ecologico-pierrela-mariposario-en-costa-rica-88.jpg'><img decoding=\"async\" width=\"150\" height=\"150\" src=\"https:\/\/pierella.com\/wp-content\/uploads\/2025\/12\/jardin-ecologico-pierrela-mariposario-en-costa-rica-88-150x150.jpg\" class=\"attachment-thumbnail size-thumbnail\" alt=\"\" \/><\/a>\n\t\t\t<\/div><\/figure><figure class='gallery-item'>\n\t\t\t<div class='gallery-icon portrait'>\n\t\t\t\t<a href='https:\/\/pierella.com\/wp-content\/uploads\/2025\/12\/jardin-ecologico-pierrela-mariposario-en-costa-rica-70.jpg'><img decoding=\"async\" width=\"150\" height=\"150\" src=\"https:\/\/pierella.com\/wp-content\/uploads\/2025\/12\/jardin-ecologico-pierrela-mariposario-en-costa-rica-70-150x150.jpg\" class=\"attachment-thumbnail size-thumbnail\" alt=\"\" \/><\/a>\n\t\t\t<\/div><\/figure><figure class='gallery-item'>\n\t\t\t<div class='gallery-icon landscape'>\n\t\t\t\t<a href='https:\/\/pierella.com\/wp-content\/uploads\/2025\/12\/jardin-ecologico-pierrela-mariposario-en-costa-rica-46.jpg'><img decoding=\"async\" width=\"150\" height=\"150\" src=\"https:\/\/pierella.com\/wp-content\/uploads\/2025\/12\/jardin-ecologico-pierrela-mariposario-en-costa-rica-46-150x150.jpg\" class=\"attachment-thumbnail size-thumbnail\" alt=\"\" \/><\/a>\n\t\t\t<\/div><\/figure><figure class='gallery-item'>\n\t\t\t<div class='gallery-icon landscape'>\n\t\t\t\t<a href='https:\/\/pierella.com\/wp-content\/uploads\/2025\/12\/jardin-ecologico-pierrela-mariposario-en-costa-rica-40.jpg'><img loading=\"lazy\" decoding=\"async\" width=\"150\" height=\"150\" src=\"https:\/\/pierella.com\/wp-content\/uploads\/2025\/12\/jardin-ecologico-pierrela-mariposario-en-costa-rica-40-150x150.jpg\" class=\"attachment-thumbnail size-thumbnail\" alt=\"\" \/><\/a>\n\t\t\t<\/div><\/figure><figure class='gallery-item'>\n\t\t\t<div class='gallery-icon portrait'>\n\t\t\t\t<a href='https:\/\/pierella.com\/wp-content\/uploads\/2025\/12\/jardin-ecologico-pierrela-mariposario-en-costa-rica-39.jpg'><img loading=\"lazy\" decoding=\"async\" width=\"150\" height=\"150\" src=\"https:\/\/pierella.com\/wp-content\/uploads\/2025\/12\/jardin-ecologico-pierrela-mariposario-en-costa-rica-39-150x150.jpg\" class=\"attachment-thumbnail size-thumbnail\" alt=\"\" \/><\/a>\n\t\t\t<\/div><\/figure><figure class='gallery-item'>\n\t\t\t<div class='gallery-icon landscape'>\n\t\t\t\t<a href='https:\/\/pierella.com\/wp-content\/uploads\/2025\/12\/jardin-ecologico-pierrela-mariposario-en-costa-rica-36.jpg'><img loading=\"lazy\" decoding=\"async\" width=\"150\" height=\"150\" src=\"https:\/\/pierella.com\/wp-content\/uploads\/2025\/12\/jardin-ecologico-pierrela-mariposario-en-costa-rica-36-150x150.jpg\" class=\"attachment-thumbnail size-thumbnail\" alt=\"\" \/><\/a>\n\t\t\t<\/div><\/figure><figure class='gallery-item'>\n\t\t\t<div class='gallery-icon portrait'>\n\t\t\t\t<a href='https:\/\/pierella.com\/wp-content\/uploads\/2025\/12\/jardin-ecologico-pierrela-mariposario-en-costa-rica-34.jpg'><img loading=\"lazy\" decoding=\"async\" width=\"150\" height=\"150\" src=\"https:\/\/pierella.com\/wp-content\/uploads\/2025\/12\/jardin-ecologico-pierrela-mariposario-en-costa-rica-34-150x150.jpg\" class=\"attachment-thumbnail size-thumbnail\" alt=\"\" \/><\/a>\n\t\t\t<\/div><\/figure><figure class='gallery-item'>\n\t\t\t<div class='gallery-icon portrait'>\n\t\t\t\t<a href='https:\/\/pierella.com\/wp-content\/uploads\/2025\/12\/jardin-ecologico-pierrela-mariposario-en-costa-rica-33.jpg'><img loading=\"lazy\" decoding=\"async\" width=\"150\" height=\"150\" src=\"https:\/\/pierella.com\/wp-content\/uploads\/2025\/12\/jardin-ecologico-pierrela-mariposario-en-costa-rica-33-150x150.jpg\" class=\"attachment-thumbnail size-thumbnail\" alt=\"\" \/><\/a>\n\t\t\t<\/div><\/figure><figure class='gallery-item'>\n\t\t\t<div class='gallery-icon landscape'>\n\t\t\t\t<a href='https:\/\/pierella.com\/wp-content\/uploads\/2025\/12\/jardin-ecologico-pierrela-mariposario-en-costa-rica-32.jpg'><img loading=\"lazy\" decoding=\"async\" width=\"150\" height=\"150\" src=\"https:\/\/pierella.com\/wp-content\/uploads\/2025\/12\/jardin-ecologico-pierrela-mariposario-en-costa-rica-32-150x150.jpg\" class=\"attachment-thumbnail size-thumbnail\" alt=\"\" \/><\/a>\n\t\t\t<\/div><\/figure><figure class='gallery-item'>\n\t\t\t<div class='gallery-icon portrait'>\n\t\t\t\t<a href='https:\/\/pierella.com\/wp-content\/uploads\/2025\/12\/jardin-ecologico-pierrela-mariposario-en-costa-rica-31.jpg'><img loading=\"lazy\" decoding=\"async\" width=\"150\" height=\"150\" src=\"https:\/\/pierella.com\/wp-content\/uploads\/2025\/12\/jardin-ecologico-pierrela-mariposario-en-costa-rica-31-150x150.jpg\" class=\"attachment-thumbnail size-thumbnail\" alt=\"\" \/><\/a>\n\t\t\t<\/div><\/figure><figure class='gallery-item'>\n\t\t\t<div class='gallery-icon portrait'>\n\t\t\t\t<a href='https:\/\/pierella.com\/wp-content\/uploads\/2025\/12\/jardin-ecologico-pierrela-mariposario-en-costa-rica-30.jpg'><img loading=\"lazy\" decoding=\"async\" width=\"150\" height=\"150\" src=\"https:\/\/pierella.com\/wp-content\/uploads\/2025\/12\/jardin-ecologico-pierrela-mariposario-en-costa-rica-30-150x150.jpg\" class=\"attachment-thumbnail size-thumbnail\" alt=\"\" \/><\/a>\n\t\t\t<\/div><\/figure><figure class='gallery-item'>\n\t\t\t<div class='gallery-icon portrait'>\n\t\t\t\t<a href='https:\/\/pierella.com\/wp-content\/uploads\/2025\/12\/jardin-ecologico-pierrela-mariposario-en-costa-rica-26.jpg'><img loading=\"lazy\" decoding=\"async\" width=\"150\" height=\"150\" src=\"https:\/\/pierella.com\/wp-content\/uploads\/2025\/12\/jardin-ecologico-pierrela-mariposario-en-costa-rica-26-150x150.jpg\" class=\"attachment-thumbnail size-thumbnail\" alt=\"\" \/><\/a>\n\t\t\t<\/div><\/figure><figure class='gallery-item'>\n\t\t\t<div class='gallery-icon landscape'>\n\t\t\t\t<a href='https:\/\/pierella.com\/wp-content\/uploads\/2025\/12\/jardin-ecologico-pierrela-mariposario-en-costa-rica-25.jpg'><img loading=\"lazy\" decoding=\"async\" width=\"150\" height=\"150\" src=\"https:\/\/pierella.com\/wp-content\/uploads\/2025\/12\/jardin-ecologico-pierrela-mariposario-en-costa-rica-25-150x150.jpg\" class=\"attachment-thumbnail size-thumbnail\" alt=\"\" \/><\/a>\n\t\t\t<\/div><\/figure><figure class='gallery-item'>\n\t\t\t<div class='gallery-icon landscape'>\n\t\t\t\t<a href='https:\/\/pierella.com\/wp-content\/uploads\/2025\/12\/jardin-ecologico-pierrela-mariposario-en-costa-rica-19.jpg'><img loading=\"lazy\" decoding=\"async\" width=\"150\" height=\"150\" src=\"https:\/\/pierella.com\/wp-content\/uploads\/2025\/12\/jardin-ecologico-pierrela-mariposario-en-costa-rica-19-150x150.jpg\" class=\"attachment-thumbnail size-thumbnail\" alt=\"\" \/><\/a>\n\t\t\t<\/div><\/figure><figure class='gallery-item'>\n\t\t\t<div class='gallery-icon landscape'>\n\t\t\t\t<a href='https:\/\/pierella.com\/wp-content\/uploads\/2025\/12\/jardin-ecologico-pierrela-mariposario-en-costa-rica-17.jpg'><img loading=\"lazy\" decoding=\"async\" width=\"150\" height=\"150\" src=\"https:\/\/pierella.com\/wp-content\/uploads\/2025\/12\/jardin-ecologico-pierrela-mariposario-en-costa-rica-17-150x150.jpg\" class=\"attachment-thumbnail size-thumbnail\" alt=\"\" \/><\/a>\n\t\t\t<\/div><\/figure><figure class='gallery-item'>\n\t\t\t<div class='gallery-icon landscape'>\n\t\t\t\t<a href='https:\/\/pierella.com\/wp-content\/uploads\/2025\/12\/jardin-ecologico-pierrela-mariposario-en-costa-rica-16.jpg'><img loading=\"lazy\" decoding=\"async\" width=\"150\" height=\"150\" src=\"https:\/\/pierella.com\/wp-content\/uploads\/2025\/12\/jardin-ecologico-pierrela-mariposario-en-costa-rica-16-150x150.jpg\" class=\"attachment-thumbnail size-thumbnail\" alt=\"\" \/><\/a>\n\t\t\t<\/div><\/figure><figure class='gallery-item'>\n\t\t\t<div class='gallery-icon landscape'>\n\t\t\t\t<a href='https:\/\/pierella.com\/wp-content\/uploads\/2025\/12\/jardin-ecologico-pierrela-mariposario-en-costa-rica-14.jpg'><img loading=\"lazy\" decoding=\"async\" width=\"150\" height=\"150\" src=\"https:\/\/pierella.com\/wp-content\/uploads\/2025\/12\/jardin-ecologico-pierrela-mariposario-en-costa-rica-14-150x150.jpg\" class=\"attachment-thumbnail size-thumbnail\" alt=\"\" \/><\/a>\n\t\t\t<\/div><\/figure><figure class='gallery-item'>\n\t\t\t<div class='gallery-icon landscape'>\n\t\t\t\t<a href='https:\/\/pierella.com\/wp-content\/uploads\/2023\/11\/Pierella-Garden-Horquetas-Sarapiqui-26.jpg'><img loading=\"lazy\" decoding=\"async\" width=\"150\" height=\"150\" src=\"https:\/\/pierella.com\/wp-content\/uploads\/2023\/11\/Pierella-Garden-Horquetas-Sarapiqui-26-150x150.jpg\" class=\"attachment-thumbnail size-thumbnail\" alt=\"\" srcset=\"https:\/\/pierella.com\/wp-content\/uploads\/2023\/11\/Pierella-Garden-Horquetas-Sarapiqui-26-150x150.jpg 150w, https:\/\/pierella.com\/wp-content\/uploads\/2023\/11\/Pierella-Garden-Horquetas-Sarapiqui-26-100x100.jpg 100w\" sizes=\"(max-width: 150px) 100vw, 150px\" \/><\/a>\n\t\t\t<\/div><\/figure><figure class='gallery-item'>\n\t\t\t<div class='gallery-icon landscape'>\n\t\t\t\t<a href='https:\/\/pierella.com\/wp-content\/uploads\/2023\/11\/Pierella-Garden-Horquetas-Sarapiqui-32.jpg'><img loading=\"lazy\" decoding=\"async\" width=\"150\" height=\"150\" src=\"https:\/\/pierella.com\/wp-content\/uploads\/2023\/11\/Pierella-Garden-Horquetas-Sarapiqui-32-150x150.jpg\" class=\"attachment-thumbnail size-thumbnail\" alt=\"\" srcset=\"https:\/\/pierella.com\/wp-content\/uploads\/2023\/11\/Pierella-Garden-Horquetas-Sarapiqui-32-150x150.jpg 150w, https:\/\/pierella.com\/wp-content\/uploads\/2023\/11\/Pierella-Garden-Horquetas-Sarapiqui-32-100x100.jpg 100w\" sizes=\"(max-width: 150px) 100vw, 150px\" \/><\/a>\n\t\t\t<\/div><\/figure><figure class='gallery-item'>\n\t\t\t<div class='gallery-icon landscape'>\n\t\t\t\t<a href='https:\/\/pierella.com\/wp-content\/uploads\/2023\/11\/Pierella-Garden-Horquetas-Sarapiqui-40.jpg'><img loading=\"lazy\" decoding=\"async\" width=\"150\" height=\"150\" src=\"https:\/\/pierella.com\/wp-content\/uploads\/2023\/11\/Pierella-Garden-Horquetas-Sarapiqui-40-150x150.jpg\" class=\"attachment-thumbnail size-thumbnail\" alt=\"\" srcset=\"https:\/\/pierella.com\/wp-content\/uploads\/2023\/11\/Pierella-Garden-Horquetas-Sarapiqui-40-150x150.jpg 150w, https:\/\/pierella.com\/wp-content\/uploads\/2023\/11\/Pierella-Garden-Horquetas-Sarapiqui-40-100x100.jpg 100w, https:\/\/pierella.com\/wp-content\/uploads\/2023\/11\/elementor\/thumbs\/Pierella-Garden-Horquetas-Sarapiqui-40-qfsreoc6i544rjyezwle2cu3bzjth0z4v92ydwvtqc.jpg 250w\" sizes=\"(max-width: 150px) 100vw, 150px\" \/><\/a>\n\t\t\t<\/div><\/figure><figure class='gallery-item'>\n\t\t\t<div class='gallery-icon landscape'>\n\t\t\t\t<a href='https:\/\/pierella.com\/wp-content\/uploads\/2023\/11\/Pierella-Garden-Horquetas-Sarapiqui-41.jpg'><img loading=\"lazy\" decoding=\"async\" width=\"150\" height=\"150\" src=\"https:\/\/pierella.com\/wp-content\/uploads\/2023\/11\/Pierella-Garden-Horquetas-Sarapiqui-41-150x150.jpg\" class=\"attachment-thumbnail size-thumbnail\" alt=\"\" srcset=\"https:\/\/pierella.com\/wp-content\/uploads\/2023\/11\/Pierella-Garden-Horquetas-Sarapiqui-41-150x150.jpg 150w, https:\/\/pierella.com\/wp-content\/uploads\/2023\/11\/Pierella-Garden-Horquetas-Sarapiqui-41-100x100.jpg 100w\" sizes=\"(max-width: 150px) 100vw, 150px\" \/><\/a>\n\t\t\t<\/div><\/figure><figure class='gallery-item'>\n\t\t\t<div class='gallery-icon landscape'>\n\t\t\t\t<a href='https:\/\/pierella.com\/wp-content\/uploads\/2025\/02\/DSC00257-scaled.jpg'><img loading=\"lazy\" decoding=\"async\" width=\"150\" height=\"150\" src=\"https:\/\/pierella.com\/wp-content\/uploads\/2025\/02\/DSC00257-150x150.jpg\" class=\"attachment-thumbnail size-thumbnail\" alt=\"\" \/><\/a>\n\t\t\t<\/div><\/figure><figure class='gallery-item'>\n\t\t\t<div class='gallery-icon landscape'>\n\t\t\t\t<a href='https:\/\/pierella.com\/wp-content\/uploads\/2025\/02\/DSC00260-scaled.jpg'><img loading=\"lazy\" decoding=\"async\" width=\"150\" height=\"150\" src=\"https:\/\/pierella.com\/wp-content\/uploads\/2025\/02\/DSC00260-150x150.jpg\" class=\"attachment-thumbnail size-thumbnail\" alt=\"\" \/><\/a>\n\t\t\t<\/div><\/figure><figure class='gallery-item'>\n\t\t\t<div class='gallery-icon landscape'>\n\t\t\t\t<a href='https:\/\/pierella.com\/wp-content\/uploads\/2025\/02\/DSC00254-scaled.jpg'><img loading=\"lazy\" decoding=\"async\" width=\"150\" height=\"150\" src=\"https:\/\/pierella.com\/wp-content\/uploads\/2025\/02\/DSC00254-150x150.jpg\" class=\"attachment-thumbnail size-thumbnail\" alt=\"\" \/><\/a>\n\t\t\t<\/div><\/figure><figure class='gallery-item'>\n\t\t\t<div class='gallery-icon landscape'>\n\t\t\t\t<a href='https:\/\/pierella.com\/wp-content\/uploads\/2025\/02\/DSC00251.jpg'><img loading=\"lazy\" decoding=\"async\" width=\"150\" height=\"150\" src=\"https:\/\/pierella.com\/wp-content\/uploads\/2025\/02\/DSC00251-150x150.jpg\" class=\"attachment-thumbnail size-thumbnail\" alt=\"\" \/><\/a>\n\t\t\t<\/div><\/figure><figure class='gallery-item'>\n\t\t\t<div class='gallery-icon landscape'>\n\t\t\t\t<a href='https:\/\/pierella.com\/wp-content\/uploads\/2025\/02\/DSC00249-scaled.jpg'><img loading=\"lazy\" decoding=\"async\" width=\"150\" height=\"150\" src=\"https:\/\/pierella.com\/wp-content\/uploads\/2025\/02\/DSC00249-150x150.jpg\" class=\"attachment-thumbnail size-thumbnail\" alt=\"\" \/><\/a>\n\t\t\t<\/div><\/figure><figure class='gallery-item'>\n\t\t\t<div class='gallery-icon landscape'>\n\t\t\t\t<a href='https:\/\/pierella.com\/wp-content\/uploads\/2025\/02\/DSC00248-scaled.jpg'><img loading=\"lazy\" decoding=\"async\" width=\"150\" height=\"150\" src=\"https:\/\/pierella.com\/wp-content\/uploads\/2025\/02\/DSC00248-150x150.jpg\" class=\"attachment-thumbnail size-thumbnail\" alt=\"\" \/><\/a>\n\t\t\t<\/div><\/figure><figure class='gallery-item'>\n\t\t\t<div class='gallery-icon landscape'>\n\t\t\t\t<a href='https:\/\/pierella.com\/wp-content\/uploads\/2025\/02\/DSC00246-scaled.jpg'><img loading=\"lazy\" decoding=\"async\" width=\"150\" height=\"150\" src=\"https:\/\/pierella.com\/wp-content\/uploads\/2025\/02\/DSC00246-150x150.jpg\" class=\"attachment-thumbnail size-thumbnail\" alt=\"\" \/><\/a>\n\t\t\t<\/div><\/figure><figure class='gallery-item'>\n\t\t\t<div class='gallery-icon landscape'>\n\t\t\t\t<a href='https:\/\/pierella.com\/wp-content\/uploads\/2025\/02\/DSC00241_1-scaled.jpg'><img loading=\"lazy\" decoding=\"async\" width=\"150\" height=\"150\" src=\"https:\/\/pierella.com\/wp-content\/uploads\/2025\/02\/DSC00241_1-150x150.jpg\" class=\"attachment-thumbnail size-thumbnail\" alt=\"\" \/><\/a>\n\t\t\t<\/div><\/figure>\n\t\t<\/div>\n\n","protected":false},"excerpt":{"rendered":"<p>\u00a1Tu dosis de naturaleza te espera! \ud83c\udf43 Sum\u00e9rgete en el verdor infinito de nuestro bosque tropical. Despierta con el canto de las aves, respira aire puro y d\u00e9jate envolver por la magia de la selva desde la comodidad de tu caba\u00f1a. \u00a1La desconexi\u00f3n total es posible! \u2728 Contamos con diferentes tipos de habitaci\u00f3n con:\u00a0 A\/C [&hellip;]<\/p>\n","protected":false},"author":2,"featured_media":76,"parent":0,"menu_order":4,"comment_status":"closed","ping_status":"closed","template":"","meta":{"_joinchat":[],"footnotes":""},"class_list":["post-133","page","type-page","status-publish","has-post-thumbnail","hentry"],"_links":{"self":[{"href":"https:\/\/pierella.com\/index.php\/wp-json\/wp\/v2\/pages\/133","targetHints":{"allow":["GET"]}}],"collection":[{"href":"https:\/\/pierella.com\/index.php\/wp-json\/wp\/v2\/pages"}],"about":[{"href":"https:\/\/pierella.com\/index.php\/wp-json\/wp\/v2\/types\/page"}],"author":[{"embeddable":true,"href":"https:\/\/pierella.com\/index.php\/wp-json\/wp\/v2\/users\/2"}],"replies":[{"embeddable":true,"href":"https:\/\/pierella.com\/index.php\/wp-json\/wp\/v2\/comments?post=133"}],"version-history":[{"count":11,"href":"https:\/\/pierella.com\/index.php\/wp-json\/wp\/v2\/pages\/133\/revisions"}],"predecessor-version":[{"id":1149,"href":"https:\/\/pierella.com\/index.php\/wp-json\/wp\/v2\/pages\/133\/revisions\/1149"}],"wp:featuredmedia":[{"embeddable":true,"href":"https:\/\/pierella.com\/index.php\/wp-json\/wp\/v2\/media\/76"}],"wp:attachment":[{"href":"https:\/\/pierella.com\/index.php\/wp-json\/wp\/v2\/media?parent=133"}],"curies":[{"name":"wp","href":"https:\/\/api.w.org\/{rel}","templated":true}]}}