{"id":1268,"date":"2026-04-23T12:04:58","date_gmt":"2026-04-23T18:04:58","guid":{"rendered":"https:\/\/pierella.com\/?page_id=1268"},"modified":"2026-04-23T14:07:39","modified_gmt":"2026-04-23T20:07:39","slug":"hospedaje","status":"publish","type":"page","link":"https:\/\/pierella.com\/index.php\/hospedaje\/","title":{"rendered":"Hospedaje"},"content":{"rendered":"\n<p class=\"has-text-align-center has-background has-large-font-size\" style=\"background-color:#74a33e\">Hospedaje<\/p>\n\n\n\n<p class=\"has-text-align-center\">El hospedaje tiene un costo de US$150 por persona por noche. El paquete de hospedaje incluye: tour de chocolate, tour diurno y caminata nocturna, cena, desayuno y gu\u00eda para las caminatas en nuestro jard\u00edn.<\/p>\n\n\n\n<p class=\"has-text-align-center\">Nuestras habitaciones est\u00e1n rodeadas de un bosque secundario, donde podr\u00e1s apreciar y sumergirte en una experiencia \u00fanica, acompa\u00f1ado por una amplia variedad de flora y fauna<\/p>\n\n\n\n<hr class=\"wp-block-separator has-alpha-channel-opacity\"\/>\n\n\n\n<figure class=\"wp-block-gallery has-nested-images columns-default is-cropped wp-block-gallery-1 is-layout-flex wp-block-gallery-is-layout-flex\">\n<figure class=\"wp-block-image size-medium\"><img fetchpriority=\"high\" decoding=\"async\" width=\"225\" height=\"300\" data-id=\"1052\" src=\"https:\/\/pierella.com\/wp-content\/uploads\/2025\/12\/jardin-ecologico-pierrela-mariposario-en-costa-rica-88-225x300.jpg\" alt=\"\" class=\"wp-image-1052\" srcset=\"https:\/\/pierella.com\/wp-content\/uploads\/2025\/12\/jardin-ecologico-pierrela-mariposario-en-costa-rica-88-225x300.jpg 225w, https:\/\/pierella.com\/wp-content\/uploads\/2025\/12\/jardin-ecologico-pierrela-mariposario-en-costa-rica-88-768x1024.jpg 768w, https:\/\/pierella.com\/wp-content\/uploads\/2025\/12\/jardin-ecologico-pierrela-mariposario-en-costa-rica-88-300x400.jpg 300w, https:\/\/pierella.com\/wp-content\/uploads\/2025\/12\/jardin-ecologico-pierrela-mariposario-en-costa-rica-88.jpg 810w\" sizes=\"(max-width: 225px) 100vw, 225px\" \/><\/figure>\n\n\n\n<figure class=\"wp-block-image size-large\"><img decoding=\"async\" width=\"1024\" height=\"768\" data-id=\"1033\" src=\"https:\/\/pierella.com\/wp-content\/uploads\/2025\/12\/jardin-ecologico-pierrela-mariposario-en-costa-rica-14-1024x768.jpg\" alt=\"\" class=\"wp-image-1033\" srcset=\"https:\/\/pierella.com\/wp-content\/uploads\/2025\/12\/jardin-ecologico-pierrela-mariposario-en-costa-rica-14-1024x768.jpg 1024w, https:\/\/pierella.com\/wp-content\/uploads\/2025\/12\/jardin-ecologico-pierrela-mariposario-en-costa-rica-14-300x225.jpg 300w, https:\/\/pierella.com\/wp-content\/uploads\/2025\/12\/jardin-ecologico-pierrela-mariposario-en-costa-rica-14-768x576.jpg 768w, https:\/\/pierella.com\/wp-content\/uploads\/2025\/12\/jardin-ecologico-pierrela-mariposario-en-costa-rica-14-533x400.jpg 533w, https:\/\/pierella.com\/wp-content\/uploads\/2025\/12\/jardin-ecologico-pierrela-mariposario-en-costa-rica-14.jpg 1440w\" sizes=\"(max-width: 1024px) 100vw, 1024px\" \/><\/figure>\n\n\n\n<figure class=\"wp-block-image size-large\"><img decoding=\"async\" width=\"1024\" height=\"768\" data-id=\"1035\" src=\"https:\/\/pierella.com\/wp-content\/uploads\/2025\/12\/jardin-ecologico-pierrela-mariposario-en-costa-rica-17-1024x768.jpg\" alt=\"\" class=\"wp-image-1035\" srcset=\"https:\/\/pierella.com\/wp-content\/uploads\/2025\/12\/jardin-ecologico-pierrela-mariposario-en-costa-rica-17-1024x768.jpg 1024w, https:\/\/pierella.com\/wp-content\/uploads\/2025\/12\/jardin-ecologico-pierrela-mariposario-en-costa-rica-17-300x225.jpg 300w, https:\/\/pierella.com\/wp-content\/uploads\/2025\/12\/jardin-ecologico-pierrela-mariposario-en-costa-rica-17-768x576.jpg 768w, https:\/\/pierella.com\/wp-content\/uploads\/2025\/12\/jardin-ecologico-pierrela-mariposario-en-costa-rica-17-533x400.jpg 533w, https:\/\/pierella.com\/wp-content\/uploads\/2025\/12\/jardin-ecologico-pierrela-mariposario-en-costa-rica-17.jpg 1440w\" sizes=\"(max-width: 1024px) 100vw, 1024px\" \/><\/figure>\n\n\n\n<figure class=\"wp-block-image size-large\"><img loading=\"lazy\" decoding=\"async\" width=\"1024\" height=\"768\" data-id=\"1037\" src=\"https:\/\/pierella.com\/wp-content\/uploads\/2025\/12\/jardin-ecologico-pierrela-mariposario-en-costa-rica-25-1024x768.jpg\" alt=\"\" class=\"wp-image-1037\" srcset=\"https:\/\/pierella.com\/wp-content\/uploads\/2025\/12\/jardin-ecologico-pierrela-mariposario-en-costa-rica-25-1024x768.jpg 1024w, https:\/\/pierella.com\/wp-content\/uploads\/2025\/12\/jardin-ecologico-pierrela-mariposario-en-costa-rica-25-300x225.jpg 300w, https:\/\/pierella.com\/wp-content\/uploads\/2025\/12\/jardin-ecologico-pierrela-mariposario-en-costa-rica-25-768x576.jpg 768w, https:\/\/pierella.com\/wp-content\/uploads\/2025\/12\/jardin-ecologico-pierrela-mariposario-en-costa-rica-25-533x400.jpg 533w, https:\/\/pierella.com\/wp-content\/uploads\/2025\/12\/jardin-ecologico-pierrela-mariposario-en-costa-rica-25.jpg 1440w\" sizes=\"(max-width: 1024px) 100vw, 1024px\" \/><\/figure>\n\n\n\n<figure class=\"wp-block-image size-large\"><img loading=\"lazy\" decoding=\"async\" width=\"768\" height=\"1024\" data-id=\"1045\" src=\"https:\/\/pierella.com\/wp-content\/uploads\/2025\/12\/jardin-ecologico-pierrela-mariposario-en-costa-rica-34-768x1024.jpg\" alt=\"\" class=\"wp-image-1045\" srcset=\"https:\/\/pierella.com\/wp-content\/uploads\/2025\/12\/jardin-ecologico-pierrela-mariposario-en-costa-rica-34-768x1024.jpg 768w, https:\/\/pierella.com\/wp-content\/uploads\/2025\/12\/jardin-ecologico-pierrela-mariposario-en-costa-rica-34-225x300.jpg 225w, https:\/\/pierella.com\/wp-content\/uploads\/2025\/12\/jardin-ecologico-pierrela-mariposario-en-costa-rica-34-300x400.jpg 300w, https:\/\/pierella.com\/wp-content\/uploads\/2025\/12\/jardin-ecologico-pierrela-mariposario-en-costa-rica-34.jpg 810w\" sizes=\"(max-width: 768px) 100vw, 768px\" \/><\/figure>\n\n\n\n<figure class=\"wp-block-image size-large\"><img loading=\"lazy\" decoding=\"async\" width=\"1024\" height=\"683\" data-id=\"840\" src=\"https:\/\/pierella.com\/wp-content\/uploads\/2025\/02\/DSC00248-1024x683.jpg\" alt=\"\" class=\"wp-image-840\" srcset=\"https:\/\/pierella.com\/wp-content\/uploads\/2025\/02\/DSC00248-1024x683.jpg 1024w, https:\/\/pierella.com\/wp-content\/uploads\/2025\/02\/DSC00248-300x200.jpg 300w, https:\/\/pierella.com\/wp-content\/uploads\/2025\/02\/DSC00248-768x512.jpg 768w, https:\/\/pierella.com\/wp-content\/uploads\/2025\/02\/DSC00248-1536x1024.jpg 1536w, https:\/\/pierella.com\/wp-content\/uploads\/2025\/02\/DSC00248-2048x1365.jpg 2048w\" sizes=\"(max-width: 1024px) 100vw, 1024px\" \/><\/figure>\n\n\n\n<figure class=\"wp-block-image size-large\"><img loading=\"lazy\" decoding=\"async\" width=\"1024\" height=\"768\" data-id=\"1049\" src=\"https:\/\/pierella.com\/wp-content\/uploads\/2025\/12\/jardin-ecologico-pierrela-mariposario-en-costa-rica-40-1024x768.jpg\" alt=\"\" class=\"wp-image-1049\" srcset=\"https:\/\/pierella.com\/wp-content\/uploads\/2025\/12\/jardin-ecologico-pierrela-mariposario-en-costa-rica-40-1024x768.jpg 1024w, https:\/\/pierella.com\/wp-content\/uploads\/2025\/12\/jardin-ecologico-pierrela-mariposario-en-costa-rica-40-300x225.jpg 300w, https:\/\/pierella.com\/wp-content\/uploads\/2025\/12\/jardin-ecologico-pierrela-mariposario-en-costa-rica-40-768x576.jpg 768w, https:\/\/pierella.com\/wp-content\/uploads\/2025\/12\/jardin-ecologico-pierrela-mariposario-en-costa-rica-40-533x400.jpg 533w, https:\/\/pierella.com\/wp-content\/uploads\/2025\/12\/jardin-ecologico-pierrela-mariposario-en-costa-rica-40.jpg 1440w\" sizes=\"(max-width: 1024px) 100vw, 1024px\" \/><\/figure>\n\n\n\n<figure class=\"wp-block-image size-large\"><img loading=\"lazy\" decoding=\"async\" width=\"1024\" height=\"768\" data-id=\"1034\" src=\"https:\/\/pierella.com\/wp-content\/uploads\/2025\/12\/jardin-ecologico-pierrela-mariposario-en-costa-rica-16-1024x768.jpg\" alt=\"\" class=\"wp-image-1034\" srcset=\"https:\/\/pierella.com\/wp-content\/uploads\/2025\/12\/jardin-ecologico-pierrela-mariposario-en-costa-rica-16-1024x768.jpg 1024w, https:\/\/pierella.com\/wp-content\/uploads\/2025\/12\/jardin-ecologico-pierrela-mariposario-en-costa-rica-16-300x225.jpg 300w, https:\/\/pierella.com\/wp-content\/uploads\/2025\/12\/jardin-ecologico-pierrela-mariposario-en-costa-rica-16-768x576.jpg 768w, https:\/\/pierella.com\/wp-content\/uploads\/2025\/12\/jardin-ecologico-pierrela-mariposario-en-costa-rica-16-533x400.jpg 533w, https:\/\/pierella.com\/wp-content\/uploads\/2025\/12\/jardin-ecologico-pierrela-mariposario-en-costa-rica-16.jpg 1440w\" sizes=\"(max-width: 1024px) 100vw, 1024px\" \/><\/figure>\n\n\n\n<figure class=\"wp-block-image size-large\"><img loading=\"lazy\" decoding=\"async\" width=\"1024\" height=\"682\" data-id=\"842\" src=\"https:\/\/pierella.com\/wp-content\/uploads\/2025\/02\/DSC00251-1024x682.jpg\" alt=\"\" class=\"wp-image-842\" srcset=\"https:\/\/pierella.com\/wp-content\/uploads\/2025\/02\/DSC00251-1024x682.jpg 1024w, https:\/\/pierella.com\/wp-content\/uploads\/2025\/02\/DSC00251-300x200.jpg 300w, https:\/\/pierella.com\/wp-content\/uploads\/2025\/02\/DSC00251-768x512.jpg 768w, https:\/\/pierella.com\/wp-content\/uploads\/2025\/02\/DSC00251.jpg 1223w\" sizes=\"(max-width: 1024px) 100vw, 1024px\" \/><\/figure>\n<\/figure>\n\n\n\n<p><\/p>\n","protected":false},"excerpt":{"rendered":"<p>Hospedaje El hospedaje tiene un costo de US$150 por persona por noche. El paquete de hospedaje incluye: tour de chocolate, tour diurno y caminata nocturna, cena, desayuno y gu\u00eda para las caminatas en nuestro jard\u00edn. Nuestras habitaciones est\u00e1n rodeadas de un bosque secundario, donde podr\u00e1s apreciar y sumergirte en una experiencia \u00fanica, acompa\u00f1ado por una [&hellip;]<\/p>\n","protected":false},"author":2,"featured_media":0,"parent":0,"menu_order":0,"comment_status":"closed","ping_status":"closed","template":"elementor_theme","meta":{"_joinchat":[],"footnotes":""},"class_list":["post-1268","page","type-page","status-publish","hentry"],"_links":{"self":[{"href":"https:\/\/pierella.com\/index.php\/wp-json\/wp\/v2\/pages\/1268","targetHints":{"allow":["GET"]}}],"collection":[{"href":"https:\/\/pierella.com\/index.php\/wp-json\/wp\/v2\/pages"}],"about":[{"href":"https:\/\/pierella.com\/index.php\/wp-json\/wp\/v2\/types\/page"}],"author":[{"embeddable":true,"href":"https:\/\/pierella.com\/index.php\/wp-json\/wp\/v2\/users\/2"}],"replies":[{"embeddable":true,"href":"https:\/\/pierella.com\/index.php\/wp-json\/wp\/v2\/comments?post=1268"}],"version-history":[{"count":3,"href":"https:\/\/pierella.com\/index.php\/wp-json\/wp\/v2\/pages\/1268\/revisions"}],"predecessor-version":[{"id":1272,"href":"https:\/\/pierella.com\/index.php\/wp-json\/wp\/v2\/pages\/1268\/revisions\/1272"}],"wp:attachment":[{"href":"https:\/\/pierella.com\/index.php\/wp-json\/wp\/v2\/media?parent=1268"}],"curies":[{"name":"wp","href":"https:\/\/api.w.org\/{rel}","templated":true}]}}