{"id":1241,"date":"2026-04-17T16:33:11","date_gmt":"2026-04-17T22:33:11","guid":{"rendered":"https:\/\/pierella.com\/?page_id=1241"},"modified":"2026-04-17T16:33:20","modified_gmt":"2026-04-17T22:33:20","slug":"tour-regular","status":"publish","type":"page","link":"https:\/\/pierella.com\/index.php\/inicio\/tour-regular\/","title":{"rendered":"Tour regular"},"content":{"rendered":"<h1>Tour regular<\/h1>\n<p>Durante el recorrido podr\u00e1s observar diferentes especies de aves, mam\u00edferos, anfibios y reptiles, as\u00ed como distintos insectos que se producen en nuestro jard\u00edn. En el recorrido estar\u00e1s acompa\u00f1ado de nuestros experimentados gu\u00edas quienes te interpretaran la historia natural de nuestro jard\u00edn.<\/p>\n<p>Este tour tiene una duraci\u00f3n estimada de dos horas, es el tour indicado para conocer la gran abundancia de flora y fauna del bosque lluvioso de costa rica.<\/p>\n<p>El costo de este tour por persona<\/p>\n<p>USD$40 solo el tour<\/p>\n<p>USD$50 con el almuerzo incluido.<\/p>\n<p>El almuerzo que ofrecemos es comida tradicional (cazado) cocinado en nuestro tradicional fog\u00f3n de le\u00f1a, estilo buf\u00e9 en la meza, as\u00ed cada persona podr\u00e1 degustar lo que apetece.<\/p>\n<p><img fetchpriority=\"high\" decoding=\"async\" class=\"alignnone size-medium wp-image-581\" src=\"https:\/\/pierella.com\/wp-content\/uploads\/2025\/02\/20250210_204505-1-300x300.jpg\" alt=\"\" width=\"300\" height=\"300\" srcset=\"https:\/\/pierella.com\/wp-content\/uploads\/2025\/02\/20250210_204505-1-300x300.jpg 300w, https:\/\/pierella.com\/wp-content\/uploads\/2025\/02\/20250210_204505-1-1024x1024.jpg 1024w, https:\/\/pierella.com\/wp-content\/uploads\/2025\/02\/20250210_204505-1-150x150.jpg 150w, https:\/\/pierella.com\/wp-content\/uploads\/2025\/02\/20250210_204505-1-768x768.jpg 768w, https:\/\/pierella.com\/wp-content\/uploads\/2025\/02\/20250210_204505-1-1536x1536.jpg 1536w, https:\/\/pierella.com\/wp-content\/uploads\/2025\/02\/20250210_204505-1-2048x2048.jpg 2048w\" sizes=\"(max-width: 300px) 100vw, 300px\" \/><img decoding=\"async\" class=\"alignnone size-medium wp-image-582\" src=\"https:\/\/pierella.com\/wp-content\/uploads\/2025\/02\/20250210_204520-300x300.jpg\" alt=\"\" width=\"300\" height=\"300\" srcset=\"https:\/\/pierella.com\/wp-content\/uploads\/2025\/02\/20250210_204520-300x300.jpg 300w, https:\/\/pierella.com\/wp-content\/uploads\/2025\/02\/20250210_204520-1024x1024.jpg 1024w, https:\/\/pierella.com\/wp-content\/uploads\/2025\/02\/20250210_204520-150x150.jpg 150w, https:\/\/pierella.com\/wp-content\/uploads\/2025\/02\/20250210_204520-768x768.jpg 768w, https:\/\/pierella.com\/wp-content\/uploads\/2025\/02\/20250210_204520-1536x1536.jpg 1536w, https:\/\/pierella.com\/wp-content\/uploads\/2025\/02\/20250210_204520-2048x2048.jpg 2048w\" sizes=\"(max-width: 300px) 100vw, 300px\" \/><img decoding=\"async\" class=\"alignnone size-medium wp-image-659\" src=\"https:\/\/pierella.com\/wp-content\/uploads\/2025\/02\/IMG_0977-300x300.jpeg\" alt=\"\" width=\"300\" height=\"300\" srcset=\"https:\/\/pierella.com\/wp-content\/uploads\/2025\/02\/IMG_0977-300x300.jpeg 300w, https:\/\/pierella.com\/wp-content\/uploads\/2025\/02\/IMG_0977-150x150.jpeg 150w, https:\/\/pierella.com\/wp-content\/uploads\/2025\/02\/IMG_0977-768x768.jpeg 768w, https:\/\/pierella.com\/wp-content\/uploads\/2025\/02\/IMG_0977.jpeg 1000w\" sizes=\"(max-width: 300px) 100vw, 300px\" \/><\/p>\n<p>&nbsp;<\/p>\n","protected":false},"excerpt":{"rendered":"<p>Tour regular Durante el recorrido podr\u00e1s observar diferentes especies de aves, mam\u00edferos, anfibios y reptiles, as\u00ed como distintos insectos que se producen en nuestro jard\u00edn. En el recorrido estar\u00e1s acompa\u00f1ado de nuestros experimentados gu\u00edas quienes te interpretaran la historia natural de nuestro jard\u00edn. Este tour tiene una duraci\u00f3n estimada de dos horas, es el tour [&hellip;]<\/p>\n","protected":false},"author":2,"featured_media":0,"parent":8,"menu_order":1,"comment_status":"closed","ping_status":"closed","template":"","meta":{"_joinchat":[],"footnotes":""},"class_list":["post-1241","page","type-page","status-publish","hentry"],"_links":{"self":[{"href":"https:\/\/pierella.com\/index.php\/wp-json\/wp\/v2\/pages\/1241","targetHints":{"allow":["GET"]}}],"collection":[{"href":"https:\/\/pierella.com\/index.php\/wp-json\/wp\/v2\/pages"}],"about":[{"href":"https:\/\/pierella.com\/index.php\/wp-json\/wp\/v2\/types\/page"}],"author":[{"embeddable":true,"href":"https:\/\/pierella.com\/index.php\/wp-json\/wp\/v2\/users\/2"}],"replies":[{"embeddable":true,"href":"https:\/\/pierella.com\/index.php\/wp-json\/wp\/v2\/comments?post=1241"}],"version-history":[{"count":2,"href":"https:\/\/pierella.com\/index.php\/wp-json\/wp\/v2\/pages\/1241\/revisions"}],"predecessor-version":[{"id":1243,"href":"https:\/\/pierella.com\/index.php\/wp-json\/wp\/v2\/pages\/1241\/revisions\/1243"}],"up":[{"embeddable":true,"href":"https:\/\/pierella.com\/index.php\/wp-json\/wp\/v2\/pages\/8"}],"wp:attachment":[{"href":"https:\/\/pierella.com\/index.php\/wp-json\/wp\/v2\/media?parent=1241"}],"curies":[{"name":"wp","href":"https:\/\/api.w.org\/{rel}","templated":true}]}}